{"id":45,"date":"2024-07-11T01:58:50","date_gmt":"2024-07-10T22:58:50","guid":{"rendered":"https:\/\/adactpkompozit.com\/en\/?page_id=45"},"modified":"2024-07-11T21:03:55","modified_gmt":"2024-07-11T18:03:55","slug":"industries","status":"publish","type":"page","link":"https:\/\/adactpkompozit.com\/en\/industries\/","title":{"rendered":"Industries"},"content":{"rendered":"\n<div class=\"wp-block-cover alignfull is-light\" style=\"min-height:262px;aspect-ratio:unset;\"><span aria-hidden=\"true\" class=\"wp-block-cover__background has-background-dim-40 has-background-dim\"><\/span><img decoding=\"async\" class=\"wp-block-cover__image-background wp-image-2317\" alt=\"\" src=\"http:\/\/test.adactpkompozit.com\/wp-content\/uploads\/2024\/06\/pexels-pixabay-358319-1024x455.jpg\" style=\"object-position:50% 46%\" data-object-fit=\"cover\" data-object-position=\"50% 46%\"\/><div class=\"wp-block-cover__inner-container is-layout-flow wp-block-cover-is-layout-flow\">\n<p class=\"has-text-align-center has-large-font-size\">INDUSTRIES<\/p>\n<\/div><\/div>\n\n\n\n<div class=\"wp-block-group alignfull has-background is-layout-flow wp-block-group-is-layout-flow\" style=\"background-color:#d0d5db4a;padding-top:2vw;padding-right:6vw;padding-bottom:2vw;padding-left:6vw\">\n<div style=\"height:1vw\" aria-hidden=\"true\" class=\"wp-block-spacer\"><\/div>\n\n\n\n<div class=\"wp-block-group alignwide is-vertical is-nowrap is-layout-flex wp-container-core-group-is-layout-1 wp-block-group-is-layout-flex\" style=\"padding-top:0;padding-right:0;padding-bottom:0;padding-left:0\">\n<div class=\"wp-block-columns alignwide is-layout-flex wp-container-core-columns-is-layout-1 wp-block-columns-is-layout-flex\">\n<div class=\"wp-block-column is-layout-flow wp-block-column-is-layout-flow\" style=\"flex-basis:33.38%\">\n<p class=\"has-ast-global-color-8-color has-text-color has-link-color wp-elements-69a1bb5bc19ca24ad73e77a3667b500a\">CTP Pultrusion composites are widely used in various industries due to their superior properties such as lightness, durability, and corrosion resistance. In the automotive, construction, energy, and marine sectors, these materials provide high performance and longevity. They are also preferred in electrical and electronics, aerospace, infrastructure projects, and sports equipment, offering significant advantages in industrial applications.<\/p>\n\n\n\n<p class=\"has-ast-global-color-8-color has-text-color has-link-color wp-elements-da87a8547332305ad94bcc4a490ca9be\">CTP Pultrusion composites are utilized in a wide range of applications, from automotive parts to wind turbines, ship hulls to structural parts of aircraft. In infrastructure projects, such as water and sewage pipes, these materials are chosen for their durability and corrosion resistance. In sports and recreation, they offer lightness and durability in sports equipment and facilities. This versatility makes CTP Pultrusion composites an indispensable material in industrial applications.<\/p>\n<\/div>\n\n\n\n<div class=\"wp-block-column is-layout-flow wp-block-column-is-layout-flow\" style=\"flex-basis:33%\">\n<div style=\"height:2vw\" aria-hidden=\"true\" class=\"wp-block-spacer\"><\/div>\n\n\n\n<figure class=\"wp-block-image size-large\"><img decoding=\"async\" src=\"https:\/\/test.adactpkompozit.com\/wp-content\/uploads\/2024\/07\/pexels-georgesultan-1409999-731x1024.jpg\" alt=\"\" class=\"wp-image-3277\"\/><\/figure>\n<\/div>\n\n\n\n<div class=\"wp-block-column is-layout-flow wp-block-column-is-layout-flow\" style=\"flex-basis:33.62%\">\n<figure class=\"wp-block-image size-large\"><img fetchpriority=\"high\" decoding=\"async\" width=\"1000\" height=\"1333\" src=\"https:\/\/adactpkompozit.com\/en\/wp-content\/uploads\/sites\/3\/2024\/07\/image.jpeg\" alt=\"R\u00fczgar t\u00fcrbinleri \u00e7imenli bir d\u00fczl\u00fckte, mavi bir g\u00f6ky\u00fcz\u00fcne kar\u015f\u0131 duruyor.\" class=\"wp-image-46\" srcset=\"https:\/\/adactpkompozit.com\/en\/wp-content\/uploads\/sites\/3\/2024\/07\/image.jpeg 1000w, https:\/\/adactpkompozit.com\/en\/wp-content\/uploads\/sites\/3\/2024\/07\/image-225x300.jpeg 225w, https:\/\/adactpkompozit.com\/en\/wp-content\/uploads\/sites\/3\/2024\/07\/image-768x1024.jpeg 768w\" sizes=\"(max-width: 1000px) 100vw, 1000px\" \/><\/figure>\n<\/div>\n<\/div>\n\n\n\n<div class=\"wp-block-columns alignwide is-layout-flex wp-container-core-columns-is-layout-2 wp-block-columns-is-layout-flex\">\n<div class=\"wp-block-column is-layout-flow wp-block-column-is-layout-flow\" style=\"flex-basis:69%\">\n<figure class=\"wp-block-image size-large\"><img decoding=\"async\" src=\"http:\/\/test.adactpkompozit.com\/wp-content\/uploads\/2023\/04\/sustaince-1-1-1024x652.jpg\" alt=\"\" class=\"wp-image-387\"\/><\/figure>\n<\/div>\n\n\n\n<div class=\"wp-block-column is-vertically-aligned-top is-layout-flow wp-block-column-is-layout-flow\" style=\"flex-basis:33%\">\n<div style=\"height:0px\" aria-hidden=\"true\" class=\"wp-block-spacer\"><\/div>\n\n\n\n<p class=\"has-text-color has-medium-font-size\" style=\"color:#000000\">Materials such as fiberglass, carbon fiber, and aramid fiber, combined with polymeric resins to create fiberglass-reinforced materials, offer superior durability, lightness, and high strength. Due to these properties, CTP materials are widely used in the maritime, aerospace, automotive, construction, electronics, and medical device industries. Additionally, their recyclability makes them an environmentally friendly choice. These materials play a crucial role in modern industries both in terms of performance and sustainability.<\/p>\n<\/div>\n<\/div>\n<\/div>\n<\/div>\n\n\n\n<div class=\"wp-block-group alignfull has-background is-layout-flow wp-block-group-is-layout-flow\" style=\"background-color:#f2f0e9\">\n<div style=\"height:0px\" aria-hidden=\"true\" class=\"wp-block-spacer\"><\/div>\n\n\n\n<div class=\"wp-block-columns alignwide is-layout-flex wp-container-core-columns-is-layout-3 wp-block-columns-is-layout-flex\">\n<div class=\"wp-block-column is-vertically-aligned-stretch is-layout-flow wp-block-column-is-layout-flow\" style=\"flex-basis:50%\">\n<figure class=\"wp-block-image size-large\"><img decoding=\"async\" src=\"https:\/\/test.adactpkompozit.com\/wp-content\/uploads\/2024\/07\/pexels-albinberlin-906982-1-1024x683.jpg\" alt=\"\" class=\"wp-image-3282\"\/><\/figure>\n<\/div>\n\n\n\n<div class=\"wp-block-column is-layout-flow wp-block-column-is-layout-flow\" style=\"flex-basis:50%\">\n<hr class=\"wp-block-separator has-text-color has-css-opacity has-background is-style-wide\" style=\"background-color:#000000;color:#000000\"\/>\n\n\n\n<p class=\"has-ast-global-color-8-color has-text-color has-link-color wp-elements-b9a635c0ef4aca3f1d15a2013048934f\" style=\"font-size:18px\">CTP Pultrusion composites are used in the automotive industry for car parts due to their lightness and durability, and in the construction sector for structural elements of buildings and the reinforcement of bridges.<\/p>\n\n\n\n<p class=\"has-ast-global-color-8-color has-text-color has-link-color wp-elements-a0d9e6d5eef48333f7dd40b216f507cb\" style=\"font-size:18px\">In addition, they are used in infrastructure projects for applications such as water and sewage pipes to provide durability and corrosion resistance, and in sports and recreation areas for sports equipment and recreational facilities.<\/p>\n\n\n\n<p class=\"has-ast-global-color-8-color has-text-color has-link-color wp-elements-6d1fc5996288755fdc06f097621f2da7\" style=\"font-size:18px\">In the energy industry, these materials are preferred for energy production equipment such as wind turbine blades, and in the maritime sector for the hull and deck structures of ships and yachts. In the electrical and electronics industry, they are found in electrical poles and enclosures providing insulation and protection, and in the aviation industry in the structural parts of aircraft.<\/p>\n<\/div>\n<\/div>\n\n\n\n<div style=\"height:40px\" aria-hidden=\"true\" class=\"wp-block-spacer\"><\/div>\n<\/div>\n","protected":false},"excerpt":{"rendered":"<p>CTP Pultrusion composites are widely used in various industries due to their superior properties such as lightness, durability, and corrosion [&hellip;]<\/p>\n","protected":false},"author":1,"featured_media":0,"parent":0,"menu_order":0,"comment_status":"closed","ping_status":"closed","template":"","meta":{"site-sidebar-layout":"default","site-content-layout":"","ast-site-content-layout":"default","site-content-style":"default","site-sidebar-style":"default","ast-global-header-display":"","ast-banner-title-visibility":"","ast-main-header-display":"","ast-hfb-above-header-display":"","ast-hfb-below-header-display":"","ast-hfb-mobile-header-display":"","site-post-title":"disabled","ast-breadcrumbs-content":"","ast-featured-img":"","footer-sml-layout":"","ast-disable-related-posts":"","theme-transparent-header-meta":"","adv-header-id-meta":"","stick-header-meta":"","header-above-stick-meta":"","header-main-stick-meta":"","header-below-stick-meta":"","astra-migrate-meta-layouts":"default","ast-page-background-enabled":"default","ast-page-background-meta":{"desktop":{"background-color":"var(--ast-global-color-4)","background-image":"","background-repeat":"repeat","background-position":"center center","background-size":"auto","background-attachment":"scroll","background-type":"","background-media":"","overlay-type":"","overlay-color":"","overlay-opacity":"","overlay-gradient":""},"tablet":{"background-color":"","background-image":"","background-repeat":"repeat","background-position":"center center","background-size":"auto","background-attachment":"scroll","background-type":"","background-media":"","overlay-type":"","overlay-color":"","overlay-opacity":"","overlay-gradient":""},"mobile":{"background-color":"","background-image":"","background-repeat":"repeat","background-position":"center center","background-size":"auto","background-attachment":"scroll","background-type":"","background-media":"","overlay-type":"","overlay-color":"","overlay-opacity":"","overlay-gradient":""}},"ast-content-background-meta":{"desktop":{"background-color":"var(--ast-global-color-5)","background-image":"","background-repeat":"repeat","background-position":"center center","background-size":"auto","background-attachment":"scroll","background-type":"","background-media":"","overlay-type":"","overlay-color":"","overlay-opacity":"","overlay-gradient":""},"tablet":{"background-color":"var(--ast-global-color-5)","background-image":"","background-repeat":"repeat","background-position":"center center","background-size":"auto","background-attachment":"scroll","background-type":"","background-media":"","overlay-type":"","overlay-color":"","overlay-opacity":"","overlay-gradient":""},"mobile":{"background-color":"var(--ast-global-color-5)","background-image":"","background-repeat":"repeat","background-position":"center center","background-size":"auto","background-attachment":"scroll","background-type":"","background-media":"","overlay-type":"","overlay-color":"","overlay-opacity":"","overlay-gradient":""}},"_joinchat":[],"footnotes":""},"class_list":["post-45","page","type-page","status-publish","hentry"],"yoast_head":"<!-- This site is optimized with the Yoast SEO plugin v27.4 - https:\/\/yoast.com\/product\/yoast-seo-wordpress\/ -->\n<title>Industries - ADA CTP Composite<\/title>\n<meta name=\"robots\" content=\"index, follow, max-snippet:-1, max-image-preview:large, max-video-preview:-1\" \/>\n<link rel=\"canonical\" href=\"https:\/\/adactpkompozit.com\/en\/industries\/\" \/>\n<meta property=\"og:locale\" content=\"en_US\" \/>\n<meta property=\"og:type\" content=\"article\" \/>\n<meta property=\"og:title\" content=\"Industries - ADA CTP Composite\" \/>\n<meta property=\"og:description\" content=\"CTP Pultrusion composites are widely used in various industries due to their superior properties such as lightness, durability, and corrosion [&hellip;]\" \/>\n<meta property=\"og:url\" content=\"https:\/\/adactpkompozit.com\/en\/industries\/\" \/>\n<meta property=\"og:site_name\" content=\"ADA CTP Composite\" \/>\n<meta property=\"article:modified_time\" content=\"2024-07-11T18:03:55+00:00\" \/>\n<meta property=\"og:image\" content=\"http:\/\/test.adactpkompozit.com\/wp-content\/uploads\/2024\/06\/pexels-pixabay-358319-1024x455.jpg\" \/>\n<meta name=\"twitter:card\" content=\"summary_large_image\" \/>\n<meta name=\"twitter:label1\" content=\"Est. reading time\" \/>\n\t<meta name=\"twitter:data1\" content=\"2 minutes\" \/>\n<script type=\"application\/ld+json\" class=\"yoast-schema-graph\">{\"@context\":\"https:\\\/\\\/schema.org\",\"@graph\":[{\"@type\":\"WebPage\",\"@id\":\"https:\\\/\\\/adactpkompozit.com\\\/en\\\/industries\\\/\",\"url\":\"https:\\\/\\\/adactpkompozit.com\\\/en\\\/industries\\\/\",\"name\":\"Industries - ADA CTP Composite\",\"isPartOf\":{\"@id\":\"https:\\\/\\\/adactpkompozit.com\\\/en\\\/#website\"},\"primaryImageOfPage\":{\"@id\":\"https:\\\/\\\/adactpkompozit.com\\\/en\\\/industries\\\/#primaryimage\"},\"image\":{\"@id\":\"https:\\\/\\\/adactpkompozit.com\\\/en\\\/industries\\\/#primaryimage\"},\"thumbnailUrl\":\"http:\\\/\\\/test.adactpkompozit.com\\\/wp-content\\\/uploads\\\/2024\\\/06\\\/pexels-pixabay-358319-1024x455.jpg\",\"datePublished\":\"2024-07-10T22:58:50+00:00\",\"dateModified\":\"2024-07-11T18:03:55+00:00\",\"breadcrumb\":{\"@id\":\"https:\\\/\\\/adactpkompozit.com\\\/en\\\/industries\\\/#breadcrumb\"},\"inLanguage\":\"en-US\",\"potentialAction\":[{\"@type\":\"ReadAction\",\"target\":[\"https:\\\/\\\/adactpkompozit.com\\\/en\\\/industries\\\/\"]}]},{\"@type\":\"ImageObject\",\"inLanguage\":\"en-US\",\"@id\":\"https:\\\/\\\/adactpkompozit.com\\\/en\\\/industries\\\/#primaryimage\",\"url\":\"http:\\\/\\\/test.adactpkompozit.com\\\/wp-content\\\/uploads\\\/2024\\\/06\\\/pexels-pixabay-358319-1024x455.jpg\",\"contentUrl\":\"http:\\\/\\\/test.adactpkompozit.com\\\/wp-content\\\/uploads\\\/2024\\\/06\\\/pexels-pixabay-358319-1024x455.jpg\"},{\"@type\":\"BreadcrumbList\",\"@id\":\"https:\\\/\\\/adactpkompozit.com\\\/en\\\/industries\\\/#breadcrumb\",\"itemListElement\":[{\"@type\":\"ListItem\",\"position\":1,\"name\":\"Home\",\"item\":\"https:\\\/\\\/adactpkompozit.com\\\/en\\\/\"},{\"@type\":\"ListItem\",\"position\":2,\"name\":\"Industries\"}]},{\"@type\":\"WebSite\",\"@id\":\"https:\\\/\\\/adactpkompozit.com\\\/en\\\/#website\",\"url\":\"https:\\\/\\\/adactpkompozit.com\\\/en\\\/\",\"name\":\"ADA CTP Composite\",\"description\":\"\",\"publisher\":{\"@id\":\"https:\\\/\\\/adactpkompozit.com\\\/en\\\/#organization\"},\"potentialAction\":[{\"@type\":\"SearchAction\",\"target\":{\"@type\":\"EntryPoint\",\"urlTemplate\":\"https:\\\/\\\/adactpkompozit.com\\\/en\\\/?s={search_term_string}\"},\"query-input\":{\"@type\":\"PropertyValueSpecification\",\"valueRequired\":true,\"valueName\":\"search_term_string\"}}],\"inLanguage\":\"en-US\"},{\"@type\":\"Organization\",\"@id\":\"https:\\\/\\\/adactpkompozit.com\\\/en\\\/#organization\",\"name\":\"ADA CTP Composite\",\"url\":\"https:\\\/\\\/adactpkompozit.com\\\/en\\\/\",\"logo\":{\"@type\":\"ImageObject\",\"inLanguage\":\"en-US\",\"@id\":\"https:\\\/\\\/adactpkompozit.com\\\/en\\\/#\\\/schema\\\/logo\\\/image\\\/\",\"url\":\"https:\\\/\\\/adactpkompozit.com\\\/en\\\/wp-content\\\/uploads\\\/sites\\\/3\\\/2024\\\/07\\\/cropped-Ekran-Resmi-2024-06-29-03.05.55-300x161-1-1.png\",\"contentUrl\":\"https:\\\/\\\/adactpkompozit.com\\\/en\\\/wp-content\\\/uploads\\\/sites\\\/3\\\/2024\\\/07\\\/cropped-Ekran-Resmi-2024-06-29-03.05.55-300x161-1-1.png\",\"width\":300,\"height\":161,\"caption\":\"ADA CTP Composite\"},\"image\":{\"@id\":\"https:\\\/\\\/adactpkompozit.com\\\/en\\\/#\\\/schema\\\/logo\\\/image\\\/\"}}]}<\/script>\n<!-- \/ Yoast SEO plugin. -->","yoast_head_json":{"title":"Industries - ADA CTP Composite","robots":{"index":"index","follow":"follow","max-snippet":"max-snippet:-1","max-image-preview":"max-image-preview:large","max-video-preview":"max-video-preview:-1"},"canonical":"https:\/\/adactpkompozit.com\/en\/industries\/","og_locale":"en_US","og_type":"article","og_title":"Industries - ADA CTP Composite","og_description":"CTP Pultrusion composites are widely used in various industries due to their superior properties such as lightness, durability, and corrosion [&hellip;]","og_url":"https:\/\/adactpkompozit.com\/en\/industries\/","og_site_name":"ADA CTP Composite","article_modified_time":"2024-07-11T18:03:55+00:00","og_image":[{"url":"http:\/\/test.adactpkompozit.com\/wp-content\/uploads\/2024\/06\/pexels-pixabay-358319-1024x455.jpg","type":"","width":"","height":""}],"twitter_card":"summary_large_image","twitter_misc":{"Est. reading time":"2 minutes"},"schema":{"@context":"https:\/\/schema.org","@graph":[{"@type":"WebPage","@id":"https:\/\/adactpkompozit.com\/en\/industries\/","url":"https:\/\/adactpkompozit.com\/en\/industries\/","name":"Industries - ADA CTP Composite","isPartOf":{"@id":"https:\/\/adactpkompozit.com\/en\/#website"},"primaryImageOfPage":{"@id":"https:\/\/adactpkompozit.com\/en\/industries\/#primaryimage"},"image":{"@id":"https:\/\/adactpkompozit.com\/en\/industries\/#primaryimage"},"thumbnailUrl":"http:\/\/test.adactpkompozit.com\/wp-content\/uploads\/2024\/06\/pexels-pixabay-358319-1024x455.jpg","datePublished":"2024-07-10T22:58:50+00:00","dateModified":"2024-07-11T18:03:55+00:00","breadcrumb":{"@id":"https:\/\/adactpkompozit.com\/en\/industries\/#breadcrumb"},"inLanguage":"en-US","potentialAction":[{"@type":"ReadAction","target":["https:\/\/adactpkompozit.com\/en\/industries\/"]}]},{"@type":"ImageObject","inLanguage":"en-US","@id":"https:\/\/adactpkompozit.com\/en\/industries\/#primaryimage","url":"http:\/\/test.adactpkompozit.com\/wp-content\/uploads\/2024\/06\/pexels-pixabay-358319-1024x455.jpg","contentUrl":"http:\/\/test.adactpkompozit.com\/wp-content\/uploads\/2024\/06\/pexels-pixabay-358319-1024x455.jpg"},{"@type":"BreadcrumbList","@id":"https:\/\/adactpkompozit.com\/en\/industries\/#breadcrumb","itemListElement":[{"@type":"ListItem","position":1,"name":"Home","item":"https:\/\/adactpkompozit.com\/en\/"},{"@type":"ListItem","position":2,"name":"Industries"}]},{"@type":"WebSite","@id":"https:\/\/adactpkompozit.com\/en\/#website","url":"https:\/\/adactpkompozit.com\/en\/","name":"ADA CTP Composite","description":"","publisher":{"@id":"https:\/\/adactpkompozit.com\/en\/#organization"},"potentialAction":[{"@type":"SearchAction","target":{"@type":"EntryPoint","urlTemplate":"https:\/\/adactpkompozit.com\/en\/?s={search_term_string}"},"query-input":{"@type":"PropertyValueSpecification","valueRequired":true,"valueName":"search_term_string"}}],"inLanguage":"en-US"},{"@type":"Organization","@id":"https:\/\/adactpkompozit.com\/en\/#organization","name":"ADA CTP Composite","url":"https:\/\/adactpkompozit.com\/en\/","logo":{"@type":"ImageObject","inLanguage":"en-US","@id":"https:\/\/adactpkompozit.com\/en\/#\/schema\/logo\/image\/","url":"https:\/\/adactpkompozit.com\/en\/wp-content\/uploads\/sites\/3\/2024\/07\/cropped-Ekran-Resmi-2024-06-29-03.05.55-300x161-1-1.png","contentUrl":"https:\/\/adactpkompozit.com\/en\/wp-content\/uploads\/sites\/3\/2024\/07\/cropped-Ekran-Resmi-2024-06-29-03.05.55-300x161-1-1.png","width":300,"height":161,"caption":"ADA CTP Composite"},"image":{"@id":"https:\/\/adactpkompozit.com\/en\/#\/schema\/logo\/image\/"}}]}},"_links":{"self":[{"href":"https:\/\/adactpkompozit.com\/en\/wp-json\/wp\/v2\/pages\/45"}],"collection":[{"href":"https:\/\/adactpkompozit.com\/en\/wp-json\/wp\/v2\/pages"}],"about":[{"href":"https:\/\/adactpkompozit.com\/en\/wp-json\/wp\/v2\/types\/page"}],"author":[{"embeddable":true,"href":"https:\/\/adactpkompozit.com\/en\/wp-json\/wp\/v2\/users\/1"}],"replies":[{"embeddable":true,"href":"https:\/\/adactpkompozit.com\/en\/wp-json\/wp\/v2\/comments?post=45"}],"version-history":[{"count":11,"href":"https:\/\/adactpkompozit.com\/en\/wp-json\/wp\/v2\/pages\/45\/revisions"}],"predecessor-version":[{"id":285,"href":"https:\/\/adactpkompozit.com\/en\/wp-json\/wp\/v2\/pages\/45\/revisions\/285"}],"wp:attachment":[{"href":"https:\/\/adactpkompozit.com\/en\/wp-json\/wp\/v2\/media?parent=45"}],"curies":[{"name":"wp","href":"https:\/\/api.w.org\/{rel}","templated":true}]}}